{"id":15368,"date":"2024-08-01T15:59:47","date_gmt":"2024-08-01T19:59:47","guid":{"rendered":"https:\/\/www.alafut.qc.ca\/concours-saloon\/"},"modified":"2024-08-15T13:59:11","modified_gmt":"2024-08-15T17:59:11","slug":"concours-saloon","status":"publish","type":"page","link":"https:\/\/www.alafut.qc.ca\/en\/concours-saloon\/","title":{"rendered":"Contest: Win a $100 Gift Card to Saloon \u00c0 la F\u00fbt"},"content":{"rendered":"\n<figure class=\"wp-block-image size-full\"><img loading=\"lazy\" decoding=\"async\" width=\"1024\" height=\"683\" src=\"https:\/\/www.alafut.qc.ca\/app\/uploads\/2024\/08\/ALF-concours-saloon-1.jpg\" alt=\"\" class=\"wp-image-15391\" srcset=\"https:\/\/www.alafut.qc.ca\/app\/uploads\/2024\/08\/ALF-concours-saloon-1.jpg 1024w, https:\/\/www.alafut.qc.ca\/app\/uploads\/2024\/08\/ALF-concours-saloon-1-300x200.jpg 300w, https:\/\/www.alafut.qc.ca\/app\/uploads\/2024\/08\/ALF-concours-saloon-1-768x512.jpg 768w, https:\/\/www.alafut.qc.ca\/app\/uploads\/2024\/08\/ALF-concours-saloon-1-100x67.jpg 100w, https:\/\/www.alafut.qc.ca\/app\/uploads\/2024\/08\/ALF-concours-saloon-1-500x333.jpg 500w\" sizes=\"(max-width: 1024px) 100vw, 1024px\" \/><\/figure>\n\n\n\n<h2 class=\"wp-block-heading\">Enter for a chance to win a $100 gift card to Saloon \u00c0 la F\u00fbt with the purchase of 4 \u00c0 la F\u00fbt cans.<\/h2>\n\n\n\n<h3 class=\"wp-block-heading\">Enter below for a chance to win<\/h3>\n\n\n\n<iframe loading=\"lazy\" src=\"https:\/\/docs.google.com\/forms\/d\/e\/1FAIpQLSe02C2QF2WUblFHhr5tF7mGGh5tCq5JLhnGdWNI43tVbqQlGA\/viewform?embedded=true\" width=\"640\" height=\"1522\" frameborder=\"0\" marginheight=\"0\" marginwidth=\"0\">Loading\u2026<\/iframe>\n\n\n\n<h3 class=\"wp-block-heading\">Rules<\/h3>\n\n\n\n<p><a rel=\"noreferrer noopener\" href=\"https:\/\/www.alafut.qc.ca\/app\/uploads\/2024\/08\/CONCOURS-CARTE-CADEAU-DE-100-AU-SALOON-A-LA-FUT.pdf\" target=\"_blank\">Contest Rules (FR)<\/a><\/p>\n","protected":false},"excerpt":{"rendered":"<p>Enter for a chance to win a $100 gift card to Saloon \u00c0 la F\u00fbt with the purchase of 4 [&hellip;]<\/p>\n","protected":false},"author":9,"featured_media":15391,"parent":0,"menu_order":0,"comment_status":"closed","ping_status":"closed","template":"","meta":{"_acf_changed":false,"_exactmetrics_skip_tracking":false,"_exactmetrics_sitenote_active":false,"_exactmetrics_sitenote_note":"","_exactmetrics_sitenote_category":0,"footnotes":""},"class_list":["post-15368","page","type-page","status-publish","has-post-thumbnail","hentry"],"acf":[],"_links":{"self":[{"href":"https:\/\/www.alafut.qc.ca\/en\/wp-json\/wp\/v2\/pages\/15368"}],"collection":[{"href":"https:\/\/www.alafut.qc.ca\/en\/wp-json\/wp\/v2\/pages"}],"about":[{"href":"https:\/\/www.alafut.qc.ca\/en\/wp-json\/wp\/v2\/types\/page"}],"author":[{"embeddable":true,"href":"https:\/\/www.alafut.qc.ca\/en\/wp-json\/wp\/v2\/users\/9"}],"replies":[{"embeddable":true,"href":"https:\/\/www.alafut.qc.ca\/en\/wp-json\/wp\/v2\/comments?post=15368"}],"version-history":[{"count":2,"href":"https:\/\/www.alafut.qc.ca\/en\/wp-json\/wp\/v2\/pages\/15368\/revisions"}],"predecessor-version":[{"id":15396,"href":"https:\/\/www.alafut.qc.ca\/en\/wp-json\/wp\/v2\/pages\/15368\/revisions\/15396"}],"wp:featuredmedia":[{"embeddable":true,"href":"https:\/\/www.alafut.qc.ca\/en\/wp-json\/wp\/v2\/media\/15391"}],"wp:attachment":[{"href":"https:\/\/www.alafut.qc.ca\/en\/wp-json\/wp\/v2\/media?parent=15368"}],"curies":[{"name":"wp","href":"https:\/\/api.w.org\/{rel}","templated":true}]}}