{"id":384,"date":"2018-08-17T14:34:08","date_gmt":"2018-08-17T13:34:08","guid":{"rendered":"http:\/\/alafut.stereo.ca\/?page_id=384"},"modified":"2024-03-27T17:59:53","modified_gmt":"2024-03-27T21:59:53","slug":"about","status":"publish","type":"page","link":"https:\/\/www.alafut.qc.ca\/en\/about\/","title":{"rendered":"About"},"content":{"rendered":"<p>In 2007, three engineers who met at the \u00c9cole de technologie sup\u00e9rieure (ETS) in Montr\u00e9al had a crazy idea to launch a western microbrewery in cowboy country, home of one of the founders, Pierre-Paul Carpentier. \u00c0 la F\u00fbt was born from a passion for beer, entrepreneurship and a common desire to settle in a rural area. <a href=\"https:\/\/www.alafut.qc.ca\/en\/historic\/\">Discover our complete history here<\/a>!<\/p>\n<h3>Work Cooperative chosen for the values<\/h3>\n<p id=\"tw-target-text\" class=\"tw-data-text tw-text-large XcVN5d tw-ta\" dir=\"ltr\" data-placeholder=\"Traduction\"><span lang=\"en\">The cooperative is naturally chosen as a modus operandi by the founders, because it sticks to their social and entrepreneurial values. They value ethics based on honesty, transparency, social responsibility and altruism.<\/span><\/p>\n<h3>One of the most important cellars in Qu\u00e9bec<\/h3>\n<p>\u00c0 la F\u00fbt also has a cellar composed of over 516 barrels and has become a master in the art of assembling its exceptional beers. The Rouge de M\u00e9kinac, the Cuv\u00e9e Western Spontan\u00e9e and the Matawin are excellent examples. In this capacity, \u00c0 la F\u00fbt has won 30 distinctive awards since 2010 in London, the United States and Canada. The Rouge de M\u00e9kinac won 13 awards including &#8220;Beer of the Year&#8221; in Canada in 2012 and the best Kriek style beer in the world in 2014 and 2015.<\/p>\n<h3>Multi-level precursor<\/h3>\n<p>Since its creation in 2007, \u00c0 la F\u00fbt brewers have shown themselves to be cutting-edge on several occasions. The founders like to innovate in their techniques and in the presentation of their products, never fearing to try, test and change ways of doing things. Some examples:<\/p>\n<ul>\n<li>Qu\u00e9bec precursor of barrel aged products<\/li>\n<li>Among the first to offer products in cans<\/li>\n<li>Among the first to develop sour beers and with Brettanomyces yeasts<\/li>\n<li>Pioneer of collaborative assemblies with other microbreweries<\/li>\n<li>Among the first in Qu\u00e9bec to distribute products aged in oak barrels in cans.<\/li>\n<\/ul>\n<h3>A real western saloon in the Mauricie<\/h3>\n<p>The authentic Saloon is well established in the first general store of the western village of St-Tite, in Mauricie. We serve a local cuisine &#8211; <a href=\"https:\/\/www.alafut.qc.ca\/en\/menu\/_entrees\/\">see our menu<\/a> &#8211; and <a href=\"https:\/\/www.alafut.qc.ca\/en\/beers-on-tap-2\/\">20 keg lines<\/a> are always in service to allow people to taste our craft beers brewed on site with local and organic barley.<\/p>\n","protected":false},"excerpt":{"rendered":"<p>In 2007, three engineers who met at the \u00c9cole de technologie sup\u00e9rieure (ETS) in Montr\u00e9al had a crazy idea to [&hellip;]<\/p>\n","protected":false},"author":1,"featured_media":0,"parent":0,"menu_order":0,"comment_status":"closed","ping_status":"closed","template":"t-about.php","meta":{"_acf_changed":false,"_exactmetrics_skip_tracking":false,"_exactmetrics_sitenote_active":false,"_exactmetrics_sitenote_note":"","_exactmetrics_sitenote_category":0,"footnotes":""},"class_list":["post-384","page","type-page","status-publish","hentry"],"acf":[],"_links":{"self":[{"href":"https:\/\/www.alafut.qc.ca\/en\/wp-json\/wp\/v2\/pages\/384"}],"collection":[{"href":"https:\/\/www.alafut.qc.ca\/en\/wp-json\/wp\/v2\/pages"}],"about":[{"href":"https:\/\/www.alafut.qc.ca\/en\/wp-json\/wp\/v2\/types\/page"}],"author":[{"embeddable":true,"href":"https:\/\/www.alafut.qc.ca\/en\/wp-json\/wp\/v2\/users\/1"}],"replies":[{"embeddable":true,"href":"https:\/\/www.alafut.qc.ca\/en\/wp-json\/wp\/v2\/comments?post=384"}],"version-history":[{"count":12,"href":"https:\/\/www.alafut.qc.ca\/en\/wp-json\/wp\/v2\/pages\/384\/revisions"}],"predecessor-version":[{"id":14940,"href":"https:\/\/www.alafut.qc.ca\/en\/wp-json\/wp\/v2\/pages\/384\/revisions\/14940"}],"wp:attachment":[{"href":"https:\/\/www.alafut.qc.ca\/en\/wp-json\/wp\/v2\/media?parent=384"}],"curies":[{"name":"wp","href":"https:\/\/api.w.org\/{rel}","templated":true}]}}